{"id":48722,"date":"2020-03-21T18:48:23","date_gmt":"2020-03-21T18:48:23","guid":{"rendered":"https:\/\/purexculture.com\/?page_id=48722"},"modified":"2020-05-11T02:03:59","modified_gmt":"2020-05-11T00:03:59","slug":"conferencias","status":"publish","type":"page","link":"https:\/\/purexculture.com\/es\/conferencias\/","title":{"rendered":"Conferencias"},"content":{"rendered":"<p>[vc_row][vc_column][vc_column_text]Las conferencias Purex son plataformas de comunicaci\u00f3n, en las que se hablar\u00e1 sin tab\u00faes pero con el coraz\u00f3n, sobre relaciones y sexualidad a trav\u00e9s del filtro de la pureza. Los encuentros ser\u00e1n oportunidades perfectas para tomar consciencia de c\u00f3mo se puede vivir \u201cal estado puro\u201d. La palabra clave de estos encuentros es valor, el que se le debe dar al propio cuerpo y al propio coraz\u00f3n.[\/vc_column_text]<div class=\"dt-fancy-separator title-left\" style=\"width: 100%;\"><div class=\"dt-fancy-title\"><span class=\"separator-holder separator-left\"><\/span>\u00bfPor qu\u00e9 no hacer la conferencia en tu ciudad?<span class=\"separator-holder separator-right\"><\/span><\/div><\/div>[vc_column_text]Si est\u00e1s interesado en las conferencias escr\u00edbenos al correo: purexculture.es@gmail.com[\/vc_column_text][\/vc_column][\/vc_row][vc_row][vc_column width=\u00bb1\/2&#8243;][vc_single_image image=\u00bb48742&#8243; img_size=\u00bbfull\u00bb alignment=\u00bbcenter\u00bb][vc_column_text]<\/p>\n<h3 data-fontsize=\"18\" data-lineheight=\"27\">Sexo al estado puro<\/h3>\n<p>Sexo al estado puro es la conferencia sobre la sexualidad para j\u00f3venes y adolescentes. Se hablar\u00e1 de c\u00f3mo poder vivir el sexo como Dios lo ha creado: al estado puro.[\/vc_column_text][\/vc_column][vc_column width=\u00bb1\/2&#8243;][vc_single_image image=\u00bb48741&#8243; img_size=\u00bbfull\u00bb alignment=\u00bbcenter\u00bb][vc_column_text]<\/p>\n<h3 data-fontsize=\"18\" data-lineheight=\"27\">\u00bfQu\u00e9 tal si salimos?<\/h3>\n<p>\u00ab\u00bfQu\u00e9 tal si salimos?\u00bb es la conferencia para solteros en la que se hablar\u00e1 sobre la importancia y las herramientas para saber escoger a la persona correcta.[\/vc_column_text][\/vc_column][\/vc_row][vc_row][vc_column width=\u00bb1\/2&#8243;][vc_single_image image=\u00bb48740&#8243; img_size=\u00bbfull\u00bb alignment=\u00bbcenter\u00bb][vc_column_text]<\/p>\n<h3 data-fontsize=\"18\" data-lineheight=\"27\">Planeta hombre \/ Planeta mujer<\/h3>\n<p>Esta es la conferencia en la que se hablar\u00e1 sobre los roles que Dios ha establecido para los hombres y para las mujeres, explicando la importancia y los beneficios de ejercerlos correctamente.[\/vc_column_text][\/vc_column]<\/p>\n","protected":false},"excerpt":{"rendered":"<p>[vc_row][vc_column][vc_column_text]Las conferencias Purex son plataformas de comunicaci\u00f3n, en las que se hablar\u00e1 sin tab\u00faes pero con el coraz\u00f3n, sobre relaciones y sexualidad a trav\u00e9s del filtro de la pureza. Los encuentros ser\u00e1n oportunidades perfectas para tomar consciencia de c\u00f3mo se puede vivir \u201cal estado puro\u201d. La palabra clave de estos encuentros es valor, el que&hellip;<\/p>\n","protected":false},"author":2,"featured_media":0,"parent":0,"menu_order":0,"comment_status":"closed","ping_status":"closed","template":"","meta":[],"yoast_head":"<!-- This site is optimized with the Yoast SEO plugin v22.6 - https:\/\/yoast.com\/wordpress\/plugins\/seo\/ -->\n<title>Conferencias - Purexculture<\/title>\n<meta name=\"robots\" content=\"index, follow, max-snippet:-1, max-image-preview:large, max-video-preview:-1\" \/>\n<link rel=\"canonical\" href=\"https:\/\/purexculture.com\/es\/conferencias\/\" \/>\n<meta property=\"og:locale\" content=\"es_ES\" \/>\n<meta property=\"og:type\" content=\"article\" \/>\n<meta property=\"og:title\" content=\"Conferencias - Purexculture\" \/>\n<meta property=\"og:description\" content=\"[vc_row][vc_column][vc_column_text]Las conferencias Purex son plataformas de comunicaci\u00f3n, en las que se hablar\u00e1 sin tab\u00faes pero con el coraz\u00f3n, sobre relaciones y sexualidad a trav\u00e9s del filtro de la pureza. Los encuentros ser\u00e1n oportunidades perfectas para tomar consciencia de c\u00f3mo se puede vivir \u201cal estado puro\u201d. La palabra clave de estos encuentros es valor, el que&hellip;\" \/>\n<meta property=\"og:url\" content=\"https:\/\/purexculture.com\/es\/conferencias\/\" \/>\n<meta property=\"og:site_name\" content=\"Purexculture\" \/>\n<meta property=\"article:modified_time\" content=\"2020-05-11T00:03:59+00:00\" \/>\n<meta name=\"twitter:card\" content=\"summary_large_image\" \/>\n<meta name=\"twitter:label1\" content=\"Tiempo de lectura\" \/>\n\t<meta name=\"twitter:data1\" content=\"1 minuto\" \/>\n<script type=\"application\/ld+json\" class=\"yoast-schema-graph\">{\"@context\":\"https:\/\/schema.org\",\"@graph\":[{\"@type\":\"WebPage\",\"@id\":\"https:\/\/purexculture.com\/es\/conferencias\/\",\"url\":\"https:\/\/purexculture.com\/es\/conferencias\/\",\"name\":\"Conferencias - Purexculture\",\"isPartOf\":{\"@id\":\"https:\/\/purexculture.com\/es\/#website\"},\"datePublished\":\"2020-03-21T18:48:23+00:00\",\"dateModified\":\"2020-05-11T00:03:59+00:00\",\"breadcrumb\":{\"@id\":\"https:\/\/purexculture.com\/es\/conferencias\/#breadcrumb\"},\"inLanguage\":\"es\",\"potentialAction\":[{\"@type\":\"ReadAction\",\"target\":[\"https:\/\/purexculture.com\/es\/conferencias\/\"]}]},{\"@type\":\"BreadcrumbList\",\"@id\":\"https:\/\/purexculture.com\/es\/conferencias\/#breadcrumb\",\"itemListElement\":[{\"@type\":\"ListItem\",\"position\":1,\"name\":\"Home\",\"item\":\"https:\/\/purexculture.com\/es\/\"},{\"@type\":\"ListItem\",\"position\":2,\"name\":\"Conferencias\"}]},{\"@type\":\"WebSite\",\"@id\":\"https:\/\/purexculture.com\/es\/#website\",\"url\":\"https:\/\/purexculture.com\/es\/\",\"name\":\"Purexculture\",\"description\":\"Ecco un altro sito Purex Culture\",\"potentialAction\":[{\"@type\":\"SearchAction\",\"target\":{\"@type\":\"EntryPoint\",\"urlTemplate\":\"https:\/\/purexculture.com\/es\/?s={search_term_string}\"},\"query-input\":\"required name=search_term_string\"}],\"inLanguage\":\"es\"}]}<\/script>\n<!-- \/ Yoast SEO plugin. -->","yoast_head_json":{"title":"Conferencias - Purexculture","robots":{"index":"index","follow":"follow","max-snippet":"max-snippet:-1","max-image-preview":"max-image-preview:large","max-video-preview":"max-video-preview:-1"},"canonical":"https:\/\/purexculture.com\/es\/conferencias\/","og_locale":"es_ES","og_type":"article","og_title":"Conferencias - Purexculture","og_description":"[vc_row][vc_column][vc_column_text]Las conferencias Purex son plataformas de comunicaci\u00f3n, en las que se hablar\u00e1 sin tab\u00faes pero con el coraz\u00f3n, sobre relaciones y sexualidad a trav\u00e9s del filtro de la pureza. Los encuentros ser\u00e1n oportunidades perfectas para tomar consciencia de c\u00f3mo se puede vivir \u201cal estado puro\u201d. La palabra clave de estos encuentros es valor, el que&hellip;","og_url":"https:\/\/purexculture.com\/es\/conferencias\/","og_site_name":"Purexculture","article_modified_time":"2020-05-11T00:03:59+00:00","twitter_card":"summary_large_image","twitter_misc":{"Tiempo de lectura":"1 minuto"},"schema":{"@context":"https:\/\/schema.org","@graph":[{"@type":"WebPage","@id":"https:\/\/purexculture.com\/es\/conferencias\/","url":"https:\/\/purexculture.com\/es\/conferencias\/","name":"Conferencias - Purexculture","isPartOf":{"@id":"https:\/\/purexculture.com\/es\/#website"},"datePublished":"2020-03-21T18:48:23+00:00","dateModified":"2020-05-11T00:03:59+00:00","breadcrumb":{"@id":"https:\/\/purexculture.com\/es\/conferencias\/#breadcrumb"},"inLanguage":"es","potentialAction":[{"@type":"ReadAction","target":["https:\/\/purexculture.com\/es\/conferencias\/"]}]},{"@type":"BreadcrumbList","@id":"https:\/\/purexculture.com\/es\/conferencias\/#breadcrumb","itemListElement":[{"@type":"ListItem","position":1,"name":"Home","item":"https:\/\/purexculture.com\/es\/"},{"@type":"ListItem","position":2,"name":"Conferencias"}]},{"@type":"WebSite","@id":"https:\/\/purexculture.com\/es\/#website","url":"https:\/\/purexculture.com\/es\/","name":"Purexculture","description":"Ecco un altro sito Purex Culture","potentialAction":[{"@type":"SearchAction","target":{"@type":"EntryPoint","urlTemplate":"https:\/\/purexculture.com\/es\/?s={search_term_string}"},"query-input":"required name=search_term_string"}],"inLanguage":"es"}]}},"_links":{"self":[{"href":"https:\/\/purexculture.com\/es\/wp-json\/wp\/v2\/pages\/48722"}],"collection":[{"href":"https:\/\/purexculture.com\/es\/wp-json\/wp\/v2\/pages"}],"about":[{"href":"https:\/\/purexculture.com\/es\/wp-json\/wp\/v2\/types\/page"}],"author":[{"embeddable":true,"href":"https:\/\/purexculture.com\/es\/wp-json\/wp\/v2\/users\/2"}],"replies":[{"embeddable":true,"href":"https:\/\/purexculture.com\/es\/wp-json\/wp\/v2\/comments?post=48722"}],"version-history":[{"count":1,"href":"https:\/\/purexculture.com\/es\/wp-json\/wp\/v2\/pages\/48722\/revisions"}],"predecessor-version":[{"id":48847,"href":"https:\/\/purexculture.com\/es\/wp-json\/wp\/v2\/pages\/48722\/revisions\/48847"}],"wp:attachment":[{"href":"https:\/\/purexculture.com\/es\/wp-json\/wp\/v2\/media?parent=48722"}],"curies":[{"name":"wp","href":"https:\/\/api.w.org\/{rel}","templated":true}]}}