{"id":48724,"date":"2020-03-21T18:50:31","date_gmt":"2020-03-21T18:50:31","guid":{"rendered":"https:\/\/purexculture.com\/?page_id=48724"},"modified":"2020-05-11T02:03:07","modified_gmt":"2020-05-11T00:03:07","slug":"el-movimiento","status":"publish","type":"page","link":"https:\/\/purexculture.com\/es\/el-movimiento\/","title":{"rendered":"El Movimiento"},"content":{"rendered":"<p>[vc_row][vc_column width=\u00bb1\/4&#8243;][vc_single_image image=\u00bb11573&#8243; img_size=\u00bbmedium\u00bb alignment=\u00bbcenter\u00bb][\/vc_column][vc_column width=\u00bb3\/4&#8243;]<div class=\"dt-fancy-separator title-left text-big\" style=\"width: 100%;\"><div class=\"dt-fancy-title\"><span class=\"separator-holder separator-left\"><\/span>\u00bfQui\u00e9nes somos?<span class=\"separator-holder separator-right\"><\/span><\/div><\/div><div class=\"ult-spacer spacer-69fa2fab6a294\" data-id=\"69fa2fab6a294\" data-height=\"10\" data-height-mobile=\"10\" data-height-tab=\"10\" data-height-tab-portrait=\"\" data-height-mobile-landscape=\"\" style=\"clear:both;display:block;\"><\/div>[vc_column_text]Purex Culture nace en el coraz\u00f3n de dos vivaces personalidades que han escogido la pureza como estado de vida. Son ambos pastores de j\u00f3venes del Ministero Sabaoth en Italia, Punto y Stefy. Enamorados desde siempre, han descubierto c\u00f3mo mantener sus dos corazones felizmente unidos sin importar las circunstancias. Conscientes de la riqueza de este descubrimiento, sintieron la necesidad de compartirlo, fundando el movimiento en el 2011. Su deseo es que se pueda conocer la verdad acerca de lo que la Biblia dice sobre la pureza, las relaciones y la sexualidad. A los fundadores se han adherido algunos amigos, que han sentido latir su coraz\u00f3n al un\u00edsono. El compromiso de cada uno es \u201cponer la cara\u201d y hacer que su vida sea modelo de pureza.[\/vc_column_text]<div class=\"ult-spacer spacer-69fa2fab6a2ae\" data-id=\"69fa2fab6a2ae\" data-height=\"50\" data-height-mobile=\"5\" data-height-tab=\"30\" data-height-tab-portrait=\"20\" data-height-mobile-landscape=\"10\" style=\"clear:both;display:block;\"><\/div>[\/vc_column][\/vc_row][vc_row][vc_column width=\u00bb1\/4&#8243;][vc_single_image image=\u00bb11569&#8243; img_size=\u00bbmedium\u00bb alignment=\u00bbcenter\u00bb][\/vc_column][vc_column width=\u00bb3\/4&#8243;]<div class=\"dt-fancy-separator title-left text-big\" style=\"width: 100%;\"><div class=\"dt-fancy-title\"><span class=\"separator-holder separator-left\"><\/span> El movimiento<span class=\"separator-holder separator-right\"><\/span><\/div><\/div><div class=\"ult-spacer spacer-69fa2fab6a2d8\" data-id=\"69fa2fab6a2d8\" data-height=\"10\" data-height-mobile=\"10\" data-height-tab=\"10\" data-height-tab-portrait=\"\" data-height-mobile-landscape=\"\" style=\"clear:both;display:block;\"><\/div>[vc_column_text]Purex nace para transmitir un nuevo \u201cstate of mind\u201d que perdure en el tiempo. Por esta raz\u00f3n se le llama CULTURA Purex. Cultura de la pureza en las relaciones y en la sexualidad. El objetivo del movimiento es que nazca en cada chico y chica la consciencia de cu\u00e1nto es precioso su propio cuerpo para que no lo regalen ni entreguen al mejor postor, y as\u00ed puedan vivir el sexo como Dios lo ha creado: al estado puro. Aquellos que ya hacen parte han tomado una decisi\u00f3n: vivir en pureza hasta el matrimonio. Mientras el sexo est\u00e1 perdiendo su verdadero valor en una sociedad cada vez m\u00e1s \u201cpornificada\u201d, decide hacer parte de Purex. Escoge valorar tu cuerpo y haz la diferencia.<\/p>\n<p>Purex es una cultura de valor porque est\u00e1 fundada sobre valores cristianos. Amor, fidelidad, respeto y otras muchas cualidades son la ense\u00f1anza principal. En una sociedad cada vez m\u00e1s \u201cpornificada\u201d, Purex se propone como un modelo de vida, en el que se d\u00e9 el lugar correcto al coraz\u00f3n y al cuerpo. El objetivo es el contagio de persona a persona de buenas relaciones, que generen otras buenas relaciones. El resultado es una verdadera revoluci\u00f3n del pensamiento moderno que influencia a la sociedad.[\/vc_column_text][\/vc_column][\/vc_row]<\/p>\n","protected":false},"excerpt":{"rendered":"<p>[vc_row][vc_column width=\u00bb1\/4&#8243;][vc_single_image image=\u00bb11573&#8243; img_size=\u00bbmedium\u00bb alignment=\u00bbcenter\u00bb][\/vc_column][vc_column width=\u00bb3\/4&#8243;][vc_column_text]Purex Culture nace en el coraz\u00f3n de dos vivaces personalidades que han escogido la pureza como estado de vida. Son ambos pastores de j\u00f3venes del Ministero Sabaoth en Italia, Punto y Stefy. Enamorados desde siempre, han descubierto c\u00f3mo mantener sus dos corazones felizmente unidos sin importar las circunstancias. Conscientes de&hellip;<\/p>\n","protected":false},"author":2,"featured_media":0,"parent":0,"menu_order":0,"comment_status":"closed","ping_status":"closed","template":"","meta":[],"yoast_head":"<!-- This site is optimized with the Yoast SEO plugin v22.6 - https:\/\/yoast.com\/wordpress\/plugins\/seo\/ -->\n<title>El Movimiento - Purexculture<\/title>\n<meta name=\"robots\" content=\"index, follow, max-snippet:-1, max-image-preview:large, max-video-preview:-1\" \/>\n<link rel=\"canonical\" href=\"https:\/\/purexculture.com\/es\/el-movimiento\/\" \/>\n<meta property=\"og:locale\" content=\"es_ES\" \/>\n<meta property=\"og:type\" content=\"article\" \/>\n<meta property=\"og:title\" content=\"El Movimiento - Purexculture\" \/>\n<meta property=\"og:description\" content=\"[vc_row][vc_column width=\u00bb1\/4&#8243;][vc_single_image image=\u00bb11573&#8243; img_size=\u00bbmedium\u00bb alignment=\u00bbcenter\u00bb][\/vc_column][vc_column width=\u00bb3\/4&#8243;][vc_column_text]Purex Culture nace en el coraz\u00f3n de dos vivaces personalidades que han escogido la pureza como estado de vida. Son ambos pastores de j\u00f3venes del Ministero Sabaoth en Italia, Punto y Stefy. Enamorados desde siempre, han descubierto c\u00f3mo mantener sus dos corazones felizmente unidos sin importar las circunstancias. Conscientes de&hellip;\" \/>\n<meta property=\"og:url\" content=\"https:\/\/purexculture.com\/es\/el-movimiento\/\" \/>\n<meta property=\"og:site_name\" content=\"Purexculture\" \/>\n<meta property=\"article:modified_time\" content=\"2020-05-11T00:03:07+00:00\" \/>\n<meta name=\"twitter:card\" content=\"summary_large_image\" \/>\n<meta name=\"twitter:label1\" content=\"Tiempo de lectura\" \/>\n\t<meta name=\"twitter:data1\" content=\"2 minutos\" \/>\n<script type=\"application\/ld+json\" class=\"yoast-schema-graph\">{\"@context\":\"https:\/\/schema.org\",\"@graph\":[{\"@type\":\"WebPage\",\"@id\":\"https:\/\/purexculture.com\/es\/el-movimiento\/\",\"url\":\"https:\/\/purexculture.com\/es\/el-movimiento\/\",\"name\":\"El Movimiento - Purexculture\",\"isPartOf\":{\"@id\":\"https:\/\/purexculture.com\/es\/#website\"},\"datePublished\":\"2020-03-21T18:50:31+00:00\",\"dateModified\":\"2020-05-11T00:03:07+00:00\",\"breadcrumb\":{\"@id\":\"https:\/\/purexculture.com\/es\/el-movimiento\/#breadcrumb\"},\"inLanguage\":\"es\",\"potentialAction\":[{\"@type\":\"ReadAction\",\"target\":[\"https:\/\/purexculture.com\/es\/el-movimiento\/\"]}]},{\"@type\":\"BreadcrumbList\",\"@id\":\"https:\/\/purexculture.com\/es\/el-movimiento\/#breadcrumb\",\"itemListElement\":[{\"@type\":\"ListItem\",\"position\":1,\"name\":\"Home\",\"item\":\"https:\/\/purexculture.com\/es\/\"},{\"@type\":\"ListItem\",\"position\":2,\"name\":\"El Movimiento\"}]},{\"@type\":\"WebSite\",\"@id\":\"https:\/\/purexculture.com\/es\/#website\",\"url\":\"https:\/\/purexculture.com\/es\/\",\"name\":\"Purexculture\",\"description\":\"Ecco un altro sito Purex Culture\",\"potentialAction\":[{\"@type\":\"SearchAction\",\"target\":{\"@type\":\"EntryPoint\",\"urlTemplate\":\"https:\/\/purexculture.com\/es\/?s={search_term_string}\"},\"query-input\":\"required name=search_term_string\"}],\"inLanguage\":\"es\"}]}<\/script>\n<!-- \/ Yoast SEO plugin. -->","yoast_head_json":{"title":"El Movimiento - Purexculture","robots":{"index":"index","follow":"follow","max-snippet":"max-snippet:-1","max-image-preview":"max-image-preview:large","max-video-preview":"max-video-preview:-1"},"canonical":"https:\/\/purexculture.com\/es\/el-movimiento\/","og_locale":"es_ES","og_type":"article","og_title":"El Movimiento - Purexculture","og_description":"[vc_row][vc_column width=\u00bb1\/4&#8243;][vc_single_image image=\u00bb11573&#8243; img_size=\u00bbmedium\u00bb alignment=\u00bbcenter\u00bb][\/vc_column][vc_column width=\u00bb3\/4&#8243;][vc_column_text]Purex Culture nace en el coraz\u00f3n de dos vivaces personalidades que han escogido la pureza como estado de vida. Son ambos pastores de j\u00f3venes del Ministero Sabaoth en Italia, Punto y Stefy. Enamorados desde siempre, han descubierto c\u00f3mo mantener sus dos corazones felizmente unidos sin importar las circunstancias. Conscientes de&hellip;","og_url":"https:\/\/purexculture.com\/es\/el-movimiento\/","og_site_name":"Purexculture","article_modified_time":"2020-05-11T00:03:07+00:00","twitter_card":"summary_large_image","twitter_misc":{"Tiempo de lectura":"2 minutos"},"schema":{"@context":"https:\/\/schema.org","@graph":[{"@type":"WebPage","@id":"https:\/\/purexculture.com\/es\/el-movimiento\/","url":"https:\/\/purexculture.com\/es\/el-movimiento\/","name":"El Movimiento - Purexculture","isPartOf":{"@id":"https:\/\/purexculture.com\/es\/#website"},"datePublished":"2020-03-21T18:50:31+00:00","dateModified":"2020-05-11T00:03:07+00:00","breadcrumb":{"@id":"https:\/\/purexculture.com\/es\/el-movimiento\/#breadcrumb"},"inLanguage":"es","potentialAction":[{"@type":"ReadAction","target":["https:\/\/purexculture.com\/es\/el-movimiento\/"]}]},{"@type":"BreadcrumbList","@id":"https:\/\/purexculture.com\/es\/el-movimiento\/#breadcrumb","itemListElement":[{"@type":"ListItem","position":1,"name":"Home","item":"https:\/\/purexculture.com\/es\/"},{"@type":"ListItem","position":2,"name":"El Movimiento"}]},{"@type":"WebSite","@id":"https:\/\/purexculture.com\/es\/#website","url":"https:\/\/purexculture.com\/es\/","name":"Purexculture","description":"Ecco un altro sito Purex Culture","potentialAction":[{"@type":"SearchAction","target":{"@type":"EntryPoint","urlTemplate":"https:\/\/purexculture.com\/es\/?s={search_term_string}"},"query-input":"required name=search_term_string"}],"inLanguage":"es"}]}},"_links":{"self":[{"href":"https:\/\/purexculture.com\/es\/wp-json\/wp\/v2\/pages\/48724"}],"collection":[{"href":"https:\/\/purexculture.com\/es\/wp-json\/wp\/v2\/pages"}],"about":[{"href":"https:\/\/purexculture.com\/es\/wp-json\/wp\/v2\/types\/page"}],"author":[{"embeddable":true,"href":"https:\/\/purexculture.com\/es\/wp-json\/wp\/v2\/users\/2"}],"replies":[{"embeddable":true,"href":"https:\/\/purexculture.com\/es\/wp-json\/wp\/v2\/comments?post=48724"}],"version-history":[{"count":1,"href":"https:\/\/purexculture.com\/es\/wp-json\/wp\/v2\/pages\/48724\/revisions"}],"predecessor-version":[{"id":48846,"href":"https:\/\/purexculture.com\/es\/wp-json\/wp\/v2\/pages\/48724\/revisions\/48846"}],"wp:attachment":[{"href":"https:\/\/purexculture.com\/es\/wp-json\/wp\/v2\/media?parent=48724"}],"curies":[{"name":"wp","href":"https:\/\/api.w.org\/{rel}","templated":true}]}}