{"id":48725,"date":"2020-03-21T18:52:30","date_gmt":"2020-03-21T18:52:30","guid":{"rendered":"https:\/\/purexculture.com\/?page_id=48725"},"modified":"2020-05-11T02:04:04","modified_gmt":"2020-05-11T00:04:04","slug":"libro-elecciones-al-estado-puro","status":"publish","type":"page","link":"https:\/\/purexculture.com\/es\/libro-elecciones-al-estado-puro\/","title":{"rendered":"Libro \u201cElecciones al estado puro\u201d"},"content":{"rendered":"<p>[vc_row][vc_column width=\u00bb1\/2&#8243;][vc_single_image image=\u00bb12284&#8243; img_size=\u00bbfull\u00bb][\/vc_column][vc_column width=\u00bb1\/2&#8243;]<div class=\"dt-fancy-separator title-left text-big\" style=\"width: 100%;\"><div class=\"dt-fancy-title\"><span class=\"separator-holder separator-left\"><\/span>Libro \u201cElecciones al estado puro\u201d<span class=\"separator-holder separator-right\"><\/span><\/div><\/div><div class=\"ult-spacer spacer-69f512c064b07\" data-id=\"69f512c064b07\" data-height=\"10\" data-height-mobile=\"10\" data-height-tab=\"10\" data-height-tab-portrait=\"\" data-height-mobile-landscape=\"\" style=\"clear:both;display:block;\"><\/div>[vc_column_text]Este libro nace de una exigencia: aquella de tantos que quieren m\u00e1s claridad respecto a algunas tem\u00e1ticas \u201ccalientes\u201d y \u00e1lgidas como las relaciones y la sexualidad. Ser\u00e1 porque estamos enamorados de la idea del \u201cpr\u00edncipe azul\u201d, ser\u00e1 porque nadie quiere levantarse todas las ma\u00f1anas con un sapo y no con un pr\u00edncipe o princesa; una cosa es cierta, todos prefieren asegurarse de no equivocarse y pagar las consecuencias por mucho tiempo. Se hablar\u00e1 de elecciones, se nos preguntar\u00e1 si estamos listos para una relaci\u00f3n, cu\u00e1les son las caracter\u00edsticas de la persona correcta, c\u00f3mo tener un comportamiento \u201cpurex\u201d, pero tambi\u00e9n de sexo, aborto y mucho m\u00e1s.<\/p>\n<blockquote><p>Atenci\u00f3n: leer con cautela. Si se practica escrupulosamente puede llevar a no cometer errores comunes; son posibles efectos colaterales sobre generaciones enteras. \u201cElecciones al estado puro\u201d es un manual divertido y directo, dirigido a ayudar a los j\u00f3venes, y no solo a ellos, a escoger su pareja y entender por qu\u00e9 la pureza sea tan importante m\u00e1s para nosotros que para Dios. Me gusta mucho la forma en la que afronta temas controvertidos, sin rodeos. Creo tambi\u00e9n que este libro est\u00e1 lleno de consejos y respuestas a importantes preguntas que dif\u00edcilmente los j\u00f3venes tienen el coraje de preguntar.<\/p><\/blockquote>\n<p><em><strong>Past. Roselen B. Faccio<\/strong><\/em>[\/vc_column_text][\/vc_column][\/vc_row]<\/p>\n","protected":false},"excerpt":{"rendered":"<p>[vc_row][vc_column width=\u00bb1\/2&#8243;][vc_single_image image=\u00bb12284&#8243; img_size=\u00bbfull\u00bb][\/vc_column][vc_column width=\u00bb1\/2&#8243;][vc_column_text]Este libro nace de una exigencia: aquella de tantos que quieren m\u00e1s claridad respecto a algunas tem\u00e1ticas \u201ccalientes\u201d y \u00e1lgidas como las relaciones y la sexualidad. Ser\u00e1 porque estamos enamorados de la idea del \u201cpr\u00edncipe azul\u201d, ser\u00e1 porque nadie quiere levantarse todas las ma\u00f1anas con un sapo y no con un&hellip;<\/p>\n","protected":false},"author":2,"featured_media":0,"parent":0,"menu_order":0,"comment_status":"closed","ping_status":"closed","template":"","meta":[],"yoast_head":"<!-- This site is optimized with the Yoast SEO plugin v22.6 - https:\/\/yoast.com\/wordpress\/plugins\/seo\/ -->\n<title>Libro \u201cElecciones al estado puro\u201d - Purexculture<\/title>\n<meta name=\"robots\" content=\"index, follow, max-snippet:-1, max-image-preview:large, max-video-preview:-1\" \/>\n<link rel=\"canonical\" href=\"https:\/\/purexculture.com\/es\/libro-elecciones-al-estado-puro\/\" \/>\n<meta property=\"og:locale\" content=\"es_ES\" \/>\n<meta property=\"og:type\" content=\"article\" \/>\n<meta property=\"og:title\" content=\"Libro \u201cElecciones al estado puro\u201d - Purexculture\" \/>\n<meta property=\"og:description\" content=\"[vc_row][vc_column width=\u00bb1\/2&#8243;][vc_single_image image=\u00bb12284&#8243; img_size=\u00bbfull\u00bb][\/vc_column][vc_column width=\u00bb1\/2&#8243;][vc_column_text]Este libro nace de una exigencia: aquella de tantos que quieren m\u00e1s claridad respecto a algunas tem\u00e1ticas \u201ccalientes\u201d y \u00e1lgidas como las relaciones y la sexualidad. Ser\u00e1 porque estamos enamorados de la idea del \u201cpr\u00edncipe azul\u201d, ser\u00e1 porque nadie quiere levantarse todas las ma\u00f1anas con un sapo y no con un&hellip;\" \/>\n<meta property=\"og:url\" content=\"https:\/\/purexculture.com\/es\/libro-elecciones-al-estado-puro\/\" \/>\n<meta property=\"og:site_name\" content=\"Purexculture\" \/>\n<meta property=\"article:modified_time\" content=\"2020-05-11T00:04:04+00:00\" \/>\n<meta name=\"twitter:card\" content=\"summary_large_image\" \/>\n<meta name=\"twitter:label1\" content=\"Tiempo de lectura\" \/>\n\t<meta name=\"twitter:data1\" content=\"1 minuto\" \/>\n<script type=\"application\/ld+json\" class=\"yoast-schema-graph\">{\"@context\":\"https:\/\/schema.org\",\"@graph\":[{\"@type\":\"WebPage\",\"@id\":\"https:\/\/purexculture.com\/es\/libro-elecciones-al-estado-puro\/\",\"url\":\"https:\/\/purexculture.com\/es\/libro-elecciones-al-estado-puro\/\",\"name\":\"Libro \u201cElecciones al estado puro\u201d - Purexculture\",\"isPartOf\":{\"@id\":\"https:\/\/purexculture.com\/es\/#website\"},\"datePublished\":\"2020-03-21T18:52:30+00:00\",\"dateModified\":\"2020-05-11T00:04:04+00:00\",\"breadcrumb\":{\"@id\":\"https:\/\/purexculture.com\/es\/libro-elecciones-al-estado-puro\/#breadcrumb\"},\"inLanguage\":\"es\",\"potentialAction\":[{\"@type\":\"ReadAction\",\"target\":[\"https:\/\/purexculture.com\/es\/libro-elecciones-al-estado-puro\/\"]}]},{\"@type\":\"BreadcrumbList\",\"@id\":\"https:\/\/purexculture.com\/es\/libro-elecciones-al-estado-puro\/#breadcrumb\",\"itemListElement\":[{\"@type\":\"ListItem\",\"position\":1,\"name\":\"Home\",\"item\":\"https:\/\/purexculture.com\/es\/\"},{\"@type\":\"ListItem\",\"position\":2,\"name\":\"Libro \u201cElecciones al estado puro\u201d\"}]},{\"@type\":\"WebSite\",\"@id\":\"https:\/\/purexculture.com\/es\/#website\",\"url\":\"https:\/\/purexculture.com\/es\/\",\"name\":\"Purexculture\",\"description\":\"Ecco un altro sito Purex Culture\",\"potentialAction\":[{\"@type\":\"SearchAction\",\"target\":{\"@type\":\"EntryPoint\",\"urlTemplate\":\"https:\/\/purexculture.com\/es\/?s={search_term_string}\"},\"query-input\":\"required name=search_term_string\"}],\"inLanguage\":\"es\"}]}<\/script>\n<!-- \/ Yoast SEO plugin. -->","yoast_head_json":{"title":"Libro \u201cElecciones al estado puro\u201d - Purexculture","robots":{"index":"index","follow":"follow","max-snippet":"max-snippet:-1","max-image-preview":"max-image-preview:large","max-video-preview":"max-video-preview:-1"},"canonical":"https:\/\/purexculture.com\/es\/libro-elecciones-al-estado-puro\/","og_locale":"es_ES","og_type":"article","og_title":"Libro \u201cElecciones al estado puro\u201d - Purexculture","og_description":"[vc_row][vc_column width=\u00bb1\/2&#8243;][vc_single_image image=\u00bb12284&#8243; img_size=\u00bbfull\u00bb][\/vc_column][vc_column width=\u00bb1\/2&#8243;][vc_column_text]Este libro nace de una exigencia: aquella de tantos que quieren m\u00e1s claridad respecto a algunas tem\u00e1ticas \u201ccalientes\u201d y \u00e1lgidas como las relaciones y la sexualidad. Ser\u00e1 porque estamos enamorados de la idea del \u201cpr\u00edncipe azul\u201d, ser\u00e1 porque nadie quiere levantarse todas las ma\u00f1anas con un sapo y no con un&hellip;","og_url":"https:\/\/purexculture.com\/es\/libro-elecciones-al-estado-puro\/","og_site_name":"Purexculture","article_modified_time":"2020-05-11T00:04:04+00:00","twitter_card":"summary_large_image","twitter_misc":{"Tiempo de lectura":"1 minuto"},"schema":{"@context":"https:\/\/schema.org","@graph":[{"@type":"WebPage","@id":"https:\/\/purexculture.com\/es\/libro-elecciones-al-estado-puro\/","url":"https:\/\/purexculture.com\/es\/libro-elecciones-al-estado-puro\/","name":"Libro \u201cElecciones al estado puro\u201d - Purexculture","isPartOf":{"@id":"https:\/\/purexculture.com\/es\/#website"},"datePublished":"2020-03-21T18:52:30+00:00","dateModified":"2020-05-11T00:04:04+00:00","breadcrumb":{"@id":"https:\/\/purexculture.com\/es\/libro-elecciones-al-estado-puro\/#breadcrumb"},"inLanguage":"es","potentialAction":[{"@type":"ReadAction","target":["https:\/\/purexculture.com\/es\/libro-elecciones-al-estado-puro\/"]}]},{"@type":"BreadcrumbList","@id":"https:\/\/purexculture.com\/es\/libro-elecciones-al-estado-puro\/#breadcrumb","itemListElement":[{"@type":"ListItem","position":1,"name":"Home","item":"https:\/\/purexculture.com\/es\/"},{"@type":"ListItem","position":2,"name":"Libro \u201cElecciones al estado puro\u201d"}]},{"@type":"WebSite","@id":"https:\/\/purexculture.com\/es\/#website","url":"https:\/\/purexculture.com\/es\/","name":"Purexculture","description":"Ecco un altro sito Purex Culture","potentialAction":[{"@type":"SearchAction","target":{"@type":"EntryPoint","urlTemplate":"https:\/\/purexculture.com\/es\/?s={search_term_string}"},"query-input":"required name=search_term_string"}],"inLanguage":"es"}]}},"_links":{"self":[{"href":"https:\/\/purexculture.com\/es\/wp-json\/wp\/v2\/pages\/48725"}],"collection":[{"href":"https:\/\/purexculture.com\/es\/wp-json\/wp\/v2\/pages"}],"about":[{"href":"https:\/\/purexculture.com\/es\/wp-json\/wp\/v2\/types\/page"}],"author":[{"embeddable":true,"href":"https:\/\/purexculture.com\/es\/wp-json\/wp\/v2\/users\/2"}],"replies":[{"embeddable":true,"href":"https:\/\/purexculture.com\/es\/wp-json\/wp\/v2\/comments?post=48725"}],"version-history":[{"count":2,"href":"https:\/\/purexculture.com\/es\/wp-json\/wp\/v2\/pages\/48725\/revisions"}],"predecessor-version":[{"id":48849,"href":"https:\/\/purexculture.com\/es\/wp-json\/wp\/v2\/pages\/48725\/revisions\/48849"}],"wp:attachment":[{"href":"https:\/\/purexculture.com\/es\/wp-json\/wp\/v2\/media?parent=48725"}],"curies":[{"name":"wp","href":"https:\/\/api.w.org\/{rel}","templated":true}]}}